{"id":629,"date":"2021-03-04T16:29:51","date_gmt":"2021-03-04T15:29:51","guid":{"rendered":"https:\/\/skysoundstudio.com\/?page_id=629"},"modified":"2024-06-24T08:42:12","modified_gmt":"2024-06-24T07:42:12","slug":"formacion","status":"publish","type":"page","link":"https:\/\/skysoundstudio.com\/index.php\/formacion\/","title":{"rendered":"Formaci\u00f3n"},"content":{"rendered":"\t\t<div data-elementor-type=\"wp-page\" data-elementor-id=\"629\" class=\"elementor elementor-629\" data-elementor-settings=\"{&quot;ha_cmc_init_switcher&quot;:&quot;no&quot;}\">\n\t\t\t\t\t\t<section class=\"elementor-section elementor-top-section elementor-element elementor-element-d493d3d elementor-section-height-full elementor-section-boxed elementor-section-height-default elementor-section-items-middle\" data-id=\"d493d3d\" data-element_type=\"section\" data-settings=\"{&quot;background_background&quot;:&quot;slideshow&quot;,&quot;background_slideshow_gallery&quot;:[{&quot;id&quot;:1351,&quot;url&quot;:&quot;https:\\\/\\\/skysoundstudio.com\\\/wp-content\\\/uploads\\\/2022\\\/11\\\/IMG_3610skysoundstudiocarrousel02.jpg&quot;},{&quot;id&quot;:1350,&quot;url&quot;:&quot;https:\\\/\\\/skysoundstudio.com\\\/wp-content\\\/uploads\\\/2022\\\/11\\\/IMG_3608skysoundstudiocarrousel03.jpg&quot;},{&quot;id&quot;:1349,&quot;url&quot;:&quot;https:\\\/\\\/skysoundstudio.com\\\/wp-content\\\/uploads\\\/2022\\\/11\\\/IMG_3597skysoundstudiocarrousel04.jpg&quot;},{&quot;id&quot;:1347,&quot;url&quot;:&quot;https:\\\/\\\/skysoundstudio.com\\\/wp-content\\\/uploads\\\/2022\\\/11\\\/IMG_3585skysoundstudiocarrousel06.jpg&quot;},{&quot;id&quot;:1346,&quot;url&quot;:&quot;https:\\\/\\\/skysoundstudio.com\\\/wp-content\\\/uploads\\\/2022\\\/11\\\/IMG_3574skysoundstudiocarrousel07.jpg&quot;},{&quot;id&quot;:1342,&quot;url&quot;:&quot;https:\\\/\\\/skysoundstudio.com\\\/wp-content\\\/uploads\\\/2022\\\/11\\\/0V0A2651skysoundstudiocarrousel11.jpg&quot;},{&quot;id&quot;:1341,&quot;url&quot;:&quot;https:\\\/\\\/skysoundstudio.com\\\/wp-content\\\/uploads\\\/2022\\\/11\\\/0V0A2644skysoundstudiocarrousel12.jpg&quot;}],&quot;background_slideshow_ken_burns&quot;:&quot;yes&quot;,&quot;background_slideshow_loop&quot;:&quot;yes&quot;,&quot;background_slideshow_slide_duration&quot;:5000,&quot;background_slideshow_slide_transition&quot;:&quot;fade&quot;,&quot;background_slideshow_transition_duration&quot;:500,&quot;background_slideshow_ken_burns_zoom_direction&quot;:&quot;in&quot;,&quot;_ha_eqh_enable&quot;:false}\">\n\t\t\t\t\t\t\t<div class=\"elementor-background-overlay\"><\/div>\n\t\t\t\t\t\t\t<div class=\"elementor-container elementor-column-gap-default\">\n\t\t\t\t\t<div class=\"elementor-column elementor-col-100 elementor-top-column elementor-element elementor-element-7c21ff8\" data-id=\"7c21ff8\" data-element_type=\"column\">\n\t\t\t<div class=\"elementor-widget-wrap\">\n\t\t\t\t\t\t\t<\/div>\n\t\t<\/div>\n\t\t\t\t\t<\/div>\n\t\t<\/section>\n\t\t\t\t<section class=\"elementor-section elementor-top-section elementor-element elementor-element-e052967 elementor-section-height-full elementor-section-boxed elementor-section-height-default elementor-section-items-middle\" data-id=\"e052967\" data-element_type=\"section\" data-settings=\"{&quot;background_background&quot;:&quot;classic&quot;,&quot;_ha_eqh_enable&quot;:false}\">\n\t\t\t\t\t\t\t<div class=\"elementor-background-overlay\"><\/div>\n\t\t\t\t\t\t\t<div class=\"elementor-container elementor-column-gap-default\">\n\t\t\t\t\t<div class=\"elementor-column elementor-col-100 elementor-top-column elementor-element elementor-element-720e3515\" data-id=\"720e3515\" data-element_type=\"column\">\n\t\t\t<div class=\"elementor-widget-wrap elementor-element-populated\">\n\t\t\t\t\t\t<section class=\"elementor-section elementor-inner-section elementor-element elementor-element-7e54fc90 elementor-section-boxed elementor-section-height-default elementor-section-height-default\" data-id=\"7e54fc90\" data-element_type=\"section\" data-settings=\"{&quot;_ha_eqh_enable&quot;:false}\">\n\t\t\t\t\t\t<div class=\"elementor-container elementor-column-gap-default\">\n\t\t\t\t\t<div class=\"elementor-column elementor-col-50 elementor-inner-column elementor-element elementor-element-42e392cd\" data-id=\"42e392cd\" data-element_type=\"column\">\n\t\t\t<div class=\"elementor-widget-wrap elementor-element-populated\">\n\t\t\t\t\t\t<div class=\"elementor-element elementor-element-191f0759 elementor-widget elementor-widget-heading\" data-id=\"191f0759\" data-element_type=\"widget\" data-widget_type=\"heading.default\">\n\t\t\t\t<div class=\"elementor-widget-container\">\n\t\t\t\t\t<h2 class=\"elementor-heading-title elementor-size-default\">Formaci\u00f3n\u200b<\/h2>\t\t\t\t<\/div>\n\t\t\t\t<\/div>\n\t\t\t\t<div class=\"elementor-element elementor-element-2a2791b2 ha-has-bg-overlay elementor-widget elementor-widget-text-editor\" data-id=\"2a2791b2\" data-element_type=\"widget\" data-widget_type=\"text-editor.default\">\n\t\t\t\t<div class=\"elementor-widget-container\">\n\t\t\t\t\t\t\t\t\t<p>Lleg\u00f3 un momento en mi carrera musical en el que me vi con la necesidad de tener m\u00e1s control sobre mis temas. Poder grabar todas las sesiones que fueran necesarias y hacerlo cuando quisiera. El camino me llevaba a la autoproducci\u00f3n. Y as\u00ed lo hice.<\/p><p>Comenc\u00e9 a formarme con profesionales del v\u00eddeo y del sonido para saber c\u00f3mo grabar y conocer todo el proceso de mezcla y mastering.\u00a0<\/p><p>Al principio mi intenci\u00f3n era solo saberlo para tener un concepto m\u00e1s claro de c\u00f3mo ten\u00eda que grabar y hacer mis temas, m\u00e1s tarde quise convertirme en uno de esos profesionales.<\/p>\t\t\t\t\t\t\t\t<\/div>\n\t\t\t\t<\/div>\n\t\t\t\t\t<\/div>\n\t\t<\/div>\n\t\t\t\t<div class=\"elementor-column elementor-col-50 elementor-inner-column elementor-element elementor-element-11828be3\" data-id=\"11828be3\" data-element_type=\"column\">\n\t\t\t<div class=\"elementor-widget-wrap elementor-element-populated\">\n\t\t\t\t\t\t<div class=\"elementor-element elementor-element-fa011a0 elementor-widget elementor-widget-video\" data-id=\"fa011a0\" data-element_type=\"widget\" data-settings=\"{&quot;image_overlay&quot;:{&quot;url&quot;:&quot;https:\\\/\\\/skysoundstudio.com\\\/wp-content\\\/uploads\\\/2022\\\/11\\\/0V0A2660skysoundstudiocarrousel10.jpg&quot;,&quot;id&quot;:1343,&quot;size&quot;:&quot;&quot;,&quot;alt&quot;:&quot;&quot;,&quot;source&quot;:&quot;library&quot;},&quot;lightbox&quot;:&quot;yes&quot;,&quot;video_type&quot;:&quot;vimeo&quot;,&quot;show_image_overlay&quot;:&quot;yes&quot;}\" data-widget_type=\"video.default\">\n\t\t\t\t<div class=\"elementor-widget-container\">\n\t\t\t\t\t\t\t<div class=\"elementor-wrapper elementor-open-lightbox\">\n\t\t\t\t\t\t\t<div class=\"elementor-custom-embed-image-overlay\" data-elementor-open-lightbox=\"yes\" data-elementor-lightbox=\"{&quot;type&quot;:&quot;video&quot;,&quot;videoType&quot;:&quot;vimeo&quot;,&quot;url&quot;:&quot;https:\\\/\\\/player.vimeo.com\\\/video\\\/768224938?color&amp;autopause=0&amp;loop=0&amp;muted=0&amp;title=1&amp;portrait=0&amp;byline=1#t=&quot;,&quot;autoplay&quot;:&quot;&quot;,&quot;modalOptions&quot;:{&quot;id&quot;:&quot;elementor-lightbox-fa011a0&quot;,&quot;entranceAnimation&quot;:&quot;&quot;,&quot;entranceAnimation_tablet&quot;:&quot;&quot;,&quot;entranceAnimation_mobile&quot;:&quot;&quot;,&quot;videoAspectRatio&quot;:&quot;169&quot;}}\" data-e-action-hash=\"#elementor-action%3Aaction%3Dlightbox%26settings%3DeyJ0eXBlIjoidmlkZW8iLCJ2aWRlb1R5cGUiOiJ2aW1lbyIsInVybCI6Imh0dHBzOlwvXC9wbGF5ZXIudmltZW8uY29tXC92aWRlb1wvNzY4MjI0OTM4P2NvbG9yJmF1dG9wYXVzZT0wJmxvb3A9MCZtdXRlZD0wJnRpdGxlPTEmcG9ydHJhaXQ9MCZieWxpbmU9MSN0PSIsImF1dG9wbGF5IjoiIiwibW9kYWxPcHRpb25zIjp7ImlkIjoiZWxlbWVudG9yLWxpZ2h0Ym94LWZhMDExYTAiLCJlbnRyYW5jZUFuaW1hdGlvbiI6IiIsImVudHJhbmNlQW5pbWF0aW9uX3RhYmxldCI6IiIsImVudHJhbmNlQW5pbWF0aW9uX21vYmlsZSI6IiIsInZpZGVvQXNwZWN0UmF0aW8iOiIxNjkifX0%3D\">\n\t\t\t\t\t\t\t\t\t\t\t<img fetchpriority=\"high\" decoding=\"async\" width=\"1200\" height=\"800\" src=\"https:\/\/i0.wp.com\/skysoundstudio.com\/wp-content\/uploads\/2022\/11\/0V0A2660skysoundstudiocarrousel10.jpg?fit=1200%2C800&amp;ssl=1\" class=\"attachment-full size-full wp-image-1343\" alt=\"\" srcset=\"https:\/\/i0.wp.com\/skysoundstudio.com\/wp-content\/uploads\/2022\/11\/0V0A2660skysoundstudiocarrousel10.jpg?w=1200&amp;ssl=1 1200w, https:\/\/i0.wp.com\/skysoundstudio.com\/wp-content\/uploads\/2022\/11\/0V0A2660skysoundstudiocarrousel10.jpg?resize=300%2C200&amp;ssl=1 300w, https:\/\/i0.wp.com\/skysoundstudio.com\/wp-content\/uploads\/2022\/11\/0V0A2660skysoundstudiocarrousel10.jpg?resize=1024%2C683&amp;ssl=1 1024w, https:\/\/i0.wp.com\/skysoundstudio.com\/wp-content\/uploads\/2022\/11\/0V0A2660skysoundstudiocarrousel10.jpg?resize=768%2C512&amp;ssl=1 768w\" sizes=\"(max-width: 1000px) 100vw, 1000px\" \/>\t\t\t\t\t\t\t\t\t\t\t\t\t\t\t\t<div class=\"elementor-custom-embed-play\" role=\"button\" aria-label=\"Reproducir v\u00eddeo\" tabindex=\"0\">\n\t\t\t\t\t\t\t<i aria-hidden=\"true\" class=\"eicon-play\"><\/i>\t\t\t\t\t\t<\/div>\n\t\t\t\t\t\t\t\t\t<\/div>\n\t\t\t\t\t<\/div>\n\t\t\t\t\t\t<\/div>\n\t\t\t\t<\/div>\n\t\t\t\t\t<\/div>\n\t\t<\/div>\n\t\t\t\t\t<\/div>\n\t\t<\/section>\n\t\t\t\t\t<\/div>\n\t\t<\/div>\n\t\t\t\t\t<\/div>\n\t\t<\/section>\n\t\t\t\t<section class=\"elementor-section elementor-top-section elementor-element elementor-element-6a2d73cc elementor-section-boxed elementor-section-height-default elementor-section-height-default\" data-id=\"6a2d73cc\" data-element_type=\"section\" data-settings=\"{&quot;background_background&quot;:&quot;classic&quot;,&quot;_ha_eqh_enable&quot;:false}\">\n\t\t\t\t\t\t\t<div class=\"elementor-background-overlay\"><\/div>\n\t\t\t\t\t\t\t<div class=\"elementor-container elementor-column-gap-default\">\n\t\t\t\t\t<div class=\"elementor-column elementor-col-50 elementor-top-column elementor-element elementor-element-7d772c98\" data-id=\"7d772c98\" data-element_type=\"column\">\n\t\t\t<div class=\"elementor-widget-wrap elementor-element-populated\">\n\t\t\t\t\t\t<div class=\"elementor-element elementor-element-4d40acd5 elementor-widget elementor-widget-heading\" data-id=\"4d40acd5\" data-element_type=\"widget\" data-widget_type=\"heading.default\">\n\t\t\t\t<div class=\"elementor-widget-container\">\n\t\t\t\t\t<h4 class=\"elementor-heading-title elementor-size-default\">TOMA EL CONTROL, AUTOPRODUCE TU M\u00daSICA Y SUBE EL NIVEL<\/h4>\t\t\t\t<\/div>\n\t\t\t\t<\/div>\n\t\t\t\t<div class=\"elementor-element elementor-element-26f8ae92 elementor-widget elementor-widget-button\" data-id=\"26f8ae92\" data-element_type=\"widget\" data-widget_type=\"button.default\">\n\t\t\t\t<div class=\"elementor-widget-container\">\n\t\t\t\t\t\t\t\t\t<div class=\"elementor-button-wrapper\">\n\t\t\t\t\t<a class=\"elementor-button elementor-button-link elementor-size-lg\" href=\"https:\/\/api.whatsapp.com\/send?phone=34646337680\">\n\t\t\t\t\t\t<span class=\"elementor-button-content-wrapper\">\n\t\t\t\t\t\t<span class=\"elementor-button-icon\">\n\t\t\t\t<i aria-hidden=\"true\" class=\"fab fa-whatsapp\"><\/i>\t\t\t<\/span>\n\t\t\t\t\t\t\t\t\t<span class=\"elementor-button-text\">Env\u00edame un Whatsapp<\/span>\n\t\t\t\t\t<\/span>\n\t\t\t\t\t<\/a>\n\t\t\t\t<\/div>\n\t\t\t\t\t\t\t\t<\/div>\n\t\t\t\t<\/div>\n\t\t\t\t\t<\/div>\n\t\t<\/div>\n\t\t\t\t<div class=\"elementor-column elementor-col-50 elementor-top-column elementor-element elementor-element-3d0c7b68\" data-id=\"3d0c7b68\" data-element_type=\"column\">\n\t\t\t<div class=\"elementor-widget-wrap\">\n\t\t\t\t\t\t\t<\/div>\n\t\t<\/div>\n\t\t\t\t\t<\/div>\n\t\t<\/section>\n\t\t\t\t<\/div>\n\t\t","protected":false},"excerpt":{"rendered":"<p>Formaci\u00f3n\u200b Lleg\u00f3 un momento en mi carrera musical en el que me vi con la necesidad de tener m\u00e1s control sobre mis temas. Poder grabar todas las sesiones que fueran necesarias y hacerlo cuando quisiera. El camino me llevaba a la autoproducci\u00f3n. Y as\u00ed lo hice. Comenc\u00e9 a formarme con profesionales del v\u00eddeo y del [&hellip;]<\/p>\n","protected":false},"author":1,"featured_media":0,"parent":0,"menu_order":0,"comment_status":"closed","ping_status":"closed","template":"","meta":{"om_disable_all_campaigns":false,"_monsterinsights_skip_tracking":false,"_monsterinsights_sitenote_active":false,"_monsterinsights_sitenote_note":"","_monsterinsights_sitenote_category":0,"site-sidebar-layout":"no-sidebar","site-content-layout":"page-builder","ast-site-content-layout":"","site-content-style":"default","site-sidebar-style":"default","ast-global-header-display":"","ast-banner-title-visibility":"","ast-main-header-display":"","ast-hfb-above-header-display":"","ast-hfb-below-header-display":"","ast-hfb-mobile-header-display":"","site-post-title":"disabled","ast-breadcrumbs-content":"","ast-featured-img":"disabled","footer-sml-layout":"","theme-transparent-header-meta":"default","adv-header-id-meta":"","stick-header-meta":"","header-above-stick-meta":"","header-main-stick-meta":"","header-below-stick-meta":"","astra-migrate-meta-layouts":"default","ast-page-background-enabled":"default","ast-page-background-meta":{"desktop":{"background-color":"","background-image":"","background-repeat":"repeat","background-position":"center center","background-size":"auto","background-attachment":"scroll","background-type":"","background-media":"","overlay-type":"","overlay-color":"","overlay-opacity":"","overlay-gradient":""},"tablet":{"background-color":"","background-image":"","background-repeat":"repeat","background-position":"center center","background-size":"auto","background-attachment":"scroll","background-type":"","background-media":"","overlay-type":"","overlay-color":"","overlay-opacity":"","overlay-gradient":""},"mobile":{"background-color":"","background-image":"","background-repeat":"repeat","background-position":"center center","background-size":"auto","background-attachment":"scroll","background-type":"","background-media":"","overlay-type":"","overlay-color":"","overlay-opacity":"","overlay-gradient":""}},"ast-content-background-meta":{"desktop":{"background-color":"var(--ast-global-color-5)","background-image":"","background-repeat":"repeat","background-position":"center center","background-size":"auto","background-attachment":"scroll","background-type":"","background-media":"","overlay-type":"","overlay-color":"","overlay-opacity":"","overlay-gradient":""},"tablet":{"background-color":"var(--ast-global-color-5)","background-image":"","background-repeat":"repeat","background-position":"center center","background-size":"auto","background-attachment":"scroll","background-type":"","background-media":"","overlay-type":"","overlay-color":"","overlay-opacity":"","overlay-gradient":""},"mobile":{"background-color":"var(--ast-global-color-5)","background-image":"","background-repeat":"repeat","background-position":"center center","background-size":"auto","background-attachment":"scroll","background-type":"","background-media":"","overlay-type":"","overlay-color":"","overlay-opacity":"","overlay-gradient":""}},"footnotes":""},"class_list":["post-629","page","type-page","status-publish","hentry"],"yoast_head":"<!-- This site is optimized with the Yoast SEO plugin v24.3 - https:\/\/yoast.com\/wordpress\/plugins\/seo\/ -->\n<title>Formaci\u00f3n - SkySound Studio<\/title>\n<meta name=\"robots\" content=\"index, follow, max-snippet:-1, max-image-preview:large, max-video-preview:-1\" \/>\n<link rel=\"canonical\" href=\"https:\/\/skysoundstudio.com\/index.php\/formacion\/\" \/>\n<meta property=\"og:locale\" content=\"es_ES\" \/>\n<meta property=\"og:type\" content=\"article\" \/>\n<meta property=\"og:title\" content=\"Formaci\u00f3n - SkySound Studio\" \/>\n<meta property=\"og:description\" content=\"Formaci\u00f3n\u200b Lleg\u00f3 un momento en mi carrera musical en el que me vi con la necesidad de tener m\u00e1s control sobre mis temas. Poder grabar todas las sesiones que fueran necesarias y hacerlo cuando quisiera. El camino me llevaba a la autoproducci\u00f3n. Y as\u00ed lo hice. Comenc\u00e9 a formarme con profesionales del v\u00eddeo y del [&hellip;]\" \/>\n<meta property=\"og:url\" content=\"https:\/\/skysoundstudio.com\/index.php\/formacion\/\" \/>\n<meta property=\"og:site_name\" content=\"SkySound Studio\" \/>\n<meta property=\"article:modified_time\" content=\"2024-06-24T07:42:12+00:00\" \/>\n<meta name=\"twitter:card\" content=\"summary_large_image\" \/>\n<meta name=\"twitter:label1\" content=\"Tiempo de lectura\" \/>\n\t<meta name=\"twitter:data1\" content=\"1 minuto\" \/>\n<script type=\"application\/ld+json\" class=\"yoast-schema-graph\">{\"@context\":\"https:\/\/schema.org\",\"@graph\":[{\"@type\":\"WebPage\",\"@id\":\"https:\/\/skysoundstudio.com\/index.php\/formacion\/\",\"url\":\"https:\/\/skysoundstudio.com\/index.php\/formacion\/\",\"name\":\"Formaci\u00f3n - SkySound Studio\",\"isPartOf\":{\"@id\":\"https:\/\/skysoundstudio.com\/#website\"},\"datePublished\":\"2021-03-04T15:29:51+00:00\",\"dateModified\":\"2024-06-24T07:42:12+00:00\",\"breadcrumb\":{\"@id\":\"https:\/\/skysoundstudio.com\/index.php\/formacion\/#breadcrumb\"},\"inLanguage\":\"es\",\"potentialAction\":[{\"@type\":\"ReadAction\",\"target\":[\"https:\/\/skysoundstudio.com\/index.php\/formacion\/\"]}]},{\"@type\":\"BreadcrumbList\",\"@id\":\"https:\/\/skysoundstudio.com\/index.php\/formacion\/#breadcrumb\",\"itemListElement\":[{\"@type\":\"ListItem\",\"position\":1,\"name\":\"Portada\",\"item\":\"https:\/\/skysoundstudio.com\/\"},{\"@type\":\"ListItem\",\"position\":2,\"name\":\"Formaci\u00f3n\"}]},{\"@type\":\"WebSite\",\"@id\":\"https:\/\/skysoundstudio.com\/#website\",\"url\":\"https:\/\/skysoundstudio.com\/\",\"name\":\"SkySound Studio\",\"description\":\"Estudio de grabaci\u00f3n profesional\",\"publisher\":{\"@id\":\"https:\/\/skysoundstudio.com\/#organization\"},\"potentialAction\":[{\"@type\":\"SearchAction\",\"target\":{\"@type\":\"EntryPoint\",\"urlTemplate\":\"https:\/\/skysoundstudio.com\/?s={search_term_string}\"},\"query-input\":{\"@type\":\"PropertyValueSpecification\",\"valueRequired\":true,\"valueName\":\"search_term_string\"}}],\"inLanguage\":\"es\"},{\"@type\":\"Organization\",\"@id\":\"https:\/\/skysoundstudio.com\/#organization\",\"name\":\"SkySound Studio\",\"url\":\"https:\/\/skysoundstudio.com\/\",\"logo\":{\"@type\":\"ImageObject\",\"inLanguage\":\"es\",\"@id\":\"https:\/\/skysoundstudio.com\/#\/schema\/logo\/image\/\",\"url\":\"https:\/\/i0.wp.com\/skysoundstudio.com\/wp-content\/uploads\/2021\/02\/cropped-logo_skysound150-1.png-1.png?fit=512%2C512&ssl=1\",\"contentUrl\":\"https:\/\/i0.wp.com\/skysoundstudio.com\/wp-content\/uploads\/2021\/02\/cropped-logo_skysound150-1.png-1.png?fit=512%2C512&ssl=1\",\"width\":512,\"height\":512,\"caption\":\"SkySound Studio\"},\"image\":{\"@id\":\"https:\/\/skysoundstudio.com\/#\/schema\/logo\/image\/\"},\"sameAs\":[\"https:\/\/www.instagram.com\/skysound.studio\/\",\"https:\/\/www.youtube.com\/channel\/UCxC4d-FYjloeOLNEoDE_dog\"]}]}<\/script>\n<!-- \/ Yoast SEO plugin. -->","yoast_head_json":{"title":"Formaci\u00f3n - SkySound Studio","robots":{"index":"index","follow":"follow","max-snippet":"max-snippet:-1","max-image-preview":"max-image-preview:large","max-video-preview":"max-video-preview:-1"},"canonical":"https:\/\/skysoundstudio.com\/index.php\/formacion\/","og_locale":"es_ES","og_type":"article","og_title":"Formaci\u00f3n - SkySound Studio","og_description":"Formaci\u00f3n\u200b Lleg\u00f3 un momento en mi carrera musical en el que me vi con la necesidad de tener m\u00e1s control sobre mis temas. Poder grabar todas las sesiones que fueran necesarias y hacerlo cuando quisiera. El camino me llevaba a la autoproducci\u00f3n. Y as\u00ed lo hice. Comenc\u00e9 a formarme con profesionales del v\u00eddeo y del [&hellip;]","og_url":"https:\/\/skysoundstudio.com\/index.php\/formacion\/","og_site_name":"SkySound Studio","article_modified_time":"2024-06-24T07:42:12+00:00","twitter_card":"summary_large_image","twitter_misc":{"Tiempo de lectura":"1 minuto"},"schema":{"@context":"https:\/\/schema.org","@graph":[{"@type":"WebPage","@id":"https:\/\/skysoundstudio.com\/index.php\/formacion\/","url":"https:\/\/skysoundstudio.com\/index.php\/formacion\/","name":"Formaci\u00f3n - SkySound Studio","isPartOf":{"@id":"https:\/\/skysoundstudio.com\/#website"},"datePublished":"2021-03-04T15:29:51+00:00","dateModified":"2024-06-24T07:42:12+00:00","breadcrumb":{"@id":"https:\/\/skysoundstudio.com\/index.php\/formacion\/#breadcrumb"},"inLanguage":"es","potentialAction":[{"@type":"ReadAction","target":["https:\/\/skysoundstudio.com\/index.php\/formacion\/"]}]},{"@type":"BreadcrumbList","@id":"https:\/\/skysoundstudio.com\/index.php\/formacion\/#breadcrumb","itemListElement":[{"@type":"ListItem","position":1,"name":"Portada","item":"https:\/\/skysoundstudio.com\/"},{"@type":"ListItem","position":2,"name":"Formaci\u00f3n"}]},{"@type":"WebSite","@id":"https:\/\/skysoundstudio.com\/#website","url":"https:\/\/skysoundstudio.com\/","name":"SkySound Studio","description":"Estudio de grabaci\u00f3n profesional","publisher":{"@id":"https:\/\/skysoundstudio.com\/#organization"},"potentialAction":[{"@type":"SearchAction","target":{"@type":"EntryPoint","urlTemplate":"https:\/\/skysoundstudio.com\/?s={search_term_string}"},"query-input":{"@type":"PropertyValueSpecification","valueRequired":true,"valueName":"search_term_string"}}],"inLanguage":"es"},{"@type":"Organization","@id":"https:\/\/skysoundstudio.com\/#organization","name":"SkySound Studio","url":"https:\/\/skysoundstudio.com\/","logo":{"@type":"ImageObject","inLanguage":"es","@id":"https:\/\/skysoundstudio.com\/#\/schema\/logo\/image\/","url":"https:\/\/i0.wp.com\/skysoundstudio.com\/wp-content\/uploads\/2021\/02\/cropped-logo_skysound150-1.png-1.png?fit=512%2C512&ssl=1","contentUrl":"https:\/\/i0.wp.com\/skysoundstudio.com\/wp-content\/uploads\/2021\/02\/cropped-logo_skysound150-1.png-1.png?fit=512%2C512&ssl=1","width":512,"height":512,"caption":"SkySound Studio"},"image":{"@id":"https:\/\/skysoundstudio.com\/#\/schema\/logo\/image\/"},"sameAs":["https:\/\/www.instagram.com\/skysound.studio\/","https:\/\/www.youtube.com\/channel\/UCxC4d-FYjloeOLNEoDE_dog"]}]}},"jetpack_sharing_enabled":true,"_links":{"self":[{"href":"https:\/\/skysoundstudio.com\/index.php\/wp-json\/wp\/v2\/pages\/629","targetHints":{"allow":["GET"]}}],"collection":[{"href":"https:\/\/skysoundstudio.com\/index.php\/wp-json\/wp\/v2\/pages"}],"about":[{"href":"https:\/\/skysoundstudio.com\/index.php\/wp-json\/wp\/v2\/types\/page"}],"author":[{"embeddable":true,"href":"https:\/\/skysoundstudio.com\/index.php\/wp-json\/wp\/v2\/users\/1"}],"replies":[{"embeddable":true,"href":"https:\/\/skysoundstudio.com\/index.php\/wp-json\/wp\/v2\/comments?post=629"}],"version-history":[{"count":5,"href":"https:\/\/skysoundstudio.com\/index.php\/wp-json\/wp\/v2\/pages\/629\/revisions"}],"predecessor-version":[{"id":1569,"href":"https:\/\/skysoundstudio.com\/index.php\/wp-json\/wp\/v2\/pages\/629\/revisions\/1569"}],"wp:attachment":[{"href":"https:\/\/skysoundstudio.com\/index.php\/wp-json\/wp\/v2\/media?parent=629"}],"curies":[{"name":"wp","href":"https:\/\/api.w.org\/{rel}","templated":true}]}}